{"id":171,"date":"2018-07-20T07:49:59","date_gmt":"2018-07-20T05:49:59","guid":{"rendered":"http:\/\/web907.sarah.webhoster.ag\/wordpress\/?page_id=171"},"modified":"2018-07-20T08:28:22","modified_gmt":"2018-07-20T06:28:22","slug":"sprechzeiten","status":"publish","type":"page","link":"https:\/\/zahnarztpraxis-steinbach.de\/?page_id=171","title":{"rendered":"Sprechzeiten"},"content":{"rendered":"<p>Um unn\u00f6tige oder lange Wartezeiten f\u00fcr Sie vermeiden f\u00fchren wir unsere Praxis daher als Bestellpraxis. Bitte vereinbaren Sie nach M\u00f6glichkeit einen Termin f\u00fcr Ihren Besuch.<\/p>\n<p>Notf\u00e4lle behandeln wir nat\u00fcrlich auch ohne vorherige Terminvereinbarung.<\/p>\n<p>Sie erreichen uns zu nachfolgenden Zeiten und nach Vereinbarung unter der Telefonnummer 0 62 51 \/ 85 61 10<\/p>\n\n<table id=\"tablepress-1\" class=\"tablepress tablepress-id-1\">\n<thead>\n<tr class=\"row-1 odd\">\n\t<th class=\"column-1\">Montag<\/th><th class=\"column-2\">Dienstag<\/th><th class=\"column-3\">Mittwoch<\/th><th class=\"column-4\">Donnerstag<\/th><th class=\"column-5\">Freitag<\/th>\n<\/tr>\n<\/thead>\n<tbody class=\"row-hover\">\n<tr class=\"row-2 even\">\n\t<td class=\"column-1\">08:00 Uhr -<br \/>\n18:30Uhr<\/td><td class=\"column-2\">08:00 Uhr -<br \/>\n18:30Uhr<\/td><td class=\"column-3\">08:00 Uhr -<br \/>\n18:30Uhr<\/td><td class=\"column-4\">08:00 Uhr -<br \/>\n18:30Uhr<\/td><td class=\"column-5\">08:00 Uhr -<br \/>\n12:00 Uhr<\/td>\n<\/tr>\n<\/tbody>\n<\/table>\n<!-- #tablepress-1 from cache -->\n","protected":false},"excerpt":{"rendered":"<p>Um unn\u00f6tige oder lange Wartezeiten f\u00fcr Sie vermeiden f\u00fchren wir unsere Praxis daher als Bestellpraxis. Bitte vereinbaren Sie nach M\u00f6glichkeit einen Termin f\u00fcr Ihren Besuch. Notf\u00e4lle behandeln wir nat\u00fcrlich auch ohne vorherige Terminvereinbarung. Sie erreichen uns zu nachfolgenden Zeiten und nach Vereinbarung unter der Telefonnummer 0 62 51 \/ 85 61 10<\/p>\n","protected":false},"author":1,"featured_media":0,"parent":0,"menu_order":0,"comment_status":"closed","ping_status":"closed","template":"","meta":[],"_links":{"self":[{"href":"https:\/\/zahnarztpraxis-steinbach.de\/index.php?rest_route=\/wp\/v2\/pages\/171"}],"collection":[{"href":"https:\/\/zahnarztpraxis-steinbach.de\/index.php?rest_route=\/wp\/v2\/pages"}],"about":[{"href":"https:\/\/zahnarztpraxis-steinbach.de\/index.php?rest_route=\/wp\/v2\/types\/page"}],"author":[{"embeddable":true,"href":"https:\/\/zahnarztpraxis-steinbach.de\/index.php?rest_route=\/wp\/v2\/users\/1"}],"replies":[{"embeddable":true,"href":"https:\/\/zahnarztpraxis-steinbach.de\/index.php?rest_route=%2Fwp%2Fv2%2Fcomments&post=171"}],"version-history":[{"count":2,"href":"https:\/\/zahnarztpraxis-steinbach.de\/index.php?rest_route=\/wp\/v2\/pages\/171\/revisions"}],"predecessor-version":[{"id":179,"href":"https:\/\/zahnarztpraxis-steinbach.de\/index.php?rest_route=\/wp\/v2\/pages\/171\/revisions\/179"}],"wp:attachment":[{"href":"https:\/\/zahnarztpraxis-steinbach.de\/index.php?rest_route=%2Fwp%2Fv2%2Fmedia&parent=171"}],"curies":[{"name":"wp","href":"https:\/\/api.w.org\/{rel}","templated":true}]}}