{"id":17,"date":"2018-05-24T16:37:43","date_gmt":"2018-05-24T14:37:43","guid":{"rendered":"http:\/\/http:\/\/zahnarztpraxis-steinbach.de\/wordpress\/?page_id=17"},"modified":"2019-04-18T16:05:50","modified_gmt":"2019-04-18T14:05:50","slug":"startseite","status":"publish","type":"page","link":"https:\/\/zahnarztpraxis-steinbach.de\/","title":{"rendered":"Startseite"},"content":{"rendered":"<h1>Willkommen in der Zahnarztpraxis Steinbach!<\/h1>\n<p>Auf den folgenden Seiten stellen wir Ihnen meine Praxis und mein Leistungsspektrum vor und lade Sie zu einem kleinen Praxisrundgang ein. Unterst\u00fctzt werde ich bei meinen Aufgaben in der Zahnheilkunde von meiner Ehefrau und Kollegin, Zahn\u00e4rztin Jessica Steinbach, und einem motivierten Team.<\/p>\n<p><span style=\"font-size: 1.5rem;\">Unsere Praxis steht f\u00fcr moderne und hochwertige Zahnmedizin in angenehmer Atmosph\u00e4re<\/span><\/p>\n<div>\n<p><img loading=\"lazy\" class=\"alignnone wp-image-77 size-full\" src=\"https:\/\/zahnarztpraxis-steinbach.de\/wp-content\/uploads\/2018\/06\/gruppe.jpg\" alt=\"\" width=\"624\" height=\"242\" srcset=\"https:\/\/zahnarztpraxis-steinbach.de\/wp-content\/uploads\/2018\/06\/gruppe.jpg 624w, https:\/\/zahnarztpraxis-steinbach.de\/wp-content\/uploads\/2018\/06\/gruppe-300x116.jpg 300w\" sizes=\"(max-width: 624px) 100vw, 624px\" \/><\/p>\n<p>Sch\u00f6ne und gepflegte Z\u00e4hne f\u00fcr ein makelloses Aussehen \u2013 im Mittelpunkt stehen dabei Sie als Patient. Mit modernen Ger\u00e4ten, geschultem Fachpersonal, einem breiten Behandlungsspektrum und allen voran ausreichend Zeit f\u00fcr den einzelnen Patienten sind wir bestrebt, auf Ihre pers\u00f6nlichen Bed\u00fcrfnisse und Belange einzugehen.<\/p>\n<\/div>\n<p><!--more--><\/p>\n<p>Deutlich wird dies f\u00fcr \u00a0Sie als Patient schon dadurch, dass Sie bei Ihrem Behandlungstermin keine Wartezeit mitbringen m\u00fcssen. Erm\u00f6glicht wird dies durch unser ausgekl\u00fcgeltes Bestell- und Qualit\u00e4tsmanagementsystem, was sich darin widerspiegelt, dass unsere Praxis kein klassisches Wartezimmer besitzt. F\u00fcr au\u00dferplanm\u00e4\u00dfige Schmerzpatienten steht eine kleine Wartelounge zur Verf\u00fcgung.<\/p>\n","protected":false},"excerpt":{"rendered":"<p>Willkommen in der Zahnarztpraxis Steinbach! Auf den folgenden Seiten stellen wir Ihnen meine Praxis und mein Leistungsspektrum vor und lade Sie zu einem kleinen Praxisrundgang ein. Unterst\u00fctzt werde ich bei meinen Aufgaben in der Zahnheilkunde von meiner Ehefrau und Kollegin, Zahn\u00e4rztin Jessica Steinbach, und einem motivierten Team. Unsere Praxis steht f\u00fcr moderne und hochwertige Zahnmedizin &hellip; <\/p>\n<p class=\"link-more\"><a href=\"https:\/\/zahnarztpraxis-steinbach.de\/\" class=\"more-link\"><span class=\"screen-reader-text\">\u201eStartseite\u201c<\/span> weiterlesen<\/a><\/p>\n","protected":false},"author":1,"featured_media":0,"parent":0,"menu_order":0,"comment_status":"closed","ping_status":"closed","template":"","meta":[],"_links":{"self":[{"href":"https:\/\/zahnarztpraxis-steinbach.de\/index.php?rest_route=\/wp\/v2\/pages\/17"}],"collection":[{"href":"https:\/\/zahnarztpraxis-steinbach.de\/index.php?rest_route=\/wp\/v2\/pages"}],"about":[{"href":"https:\/\/zahnarztpraxis-steinbach.de\/index.php?rest_route=\/wp\/v2\/types\/page"}],"author":[{"embeddable":true,"href":"https:\/\/zahnarztpraxis-steinbach.de\/index.php?rest_route=\/wp\/v2\/users\/1"}],"replies":[{"embeddable":true,"href":"https:\/\/zahnarztpraxis-steinbach.de\/index.php?rest_route=%2Fwp%2Fv2%2Fcomments&post=17"}],"version-history":[{"count":15,"href":"https:\/\/zahnarztpraxis-steinbach.de\/index.php?rest_route=\/wp\/v2\/pages\/17\/revisions"}],"predecessor-version":[{"id":399,"href":"https:\/\/zahnarztpraxis-steinbach.de\/index.php?rest_route=\/wp\/v2\/pages\/17\/revisions\/399"}],"wp:attachment":[{"href":"https:\/\/zahnarztpraxis-steinbach.de\/index.php?rest_route=%2Fwp%2Fv2%2Fmedia&parent=17"}],"curies":[{"name":"wp","href":"https:\/\/api.w.org\/{rel}","templated":true}]}}