{"id":152,"date":"2018-07-19T15:15:04","date_gmt":"2018-07-19T13:15:04","guid":{"rendered":"http:\/\/zahnarztpraxis-steinbach.de\/?page_id=152"},"modified":"2019-04-17T15:15:33","modified_gmt":"2019-04-17T13:15:33","slug":"zahnersatz","status":"publish","type":"page","link":"https:\/\/zahnarztpraxis-steinbach.de\/?page_id=152","title":{"rendered":"Zahnersatz"},"content":{"rendered":"<p>Durch Karies, Parodontitis, Nichtanlage von Z\u00e4hnen oder durch Unf\u00e4lle kann es zu Zahnverlusten kommen. Diese fehlenden Z\u00e4hne durch Br\u00fccken, Voll- oder Teilprothesen zu ersetzen ist das Behandlungsgebiet der Zahnersatz (=Prothetik.) \u00dcber den \u201eTellerrand\u201c der klassischen Prothetik hinaus bieten wir \u2013 ausschlie\u00dflich im deutschen Meisterlabor angefertigt \u2013 das gesamte Spektrum der modernen Zahnerhaltung mit und ohne Implantate.<\/p>\n<h1>Inlays<\/h1>\n<p>Inlays sind komplette F\u00fcllungen, die vom Zahntechniker nach einem Abdruck gefertigt werden und dort zum Einsatz kommen, wo Substanzdefekte so gro\u00dffl\u00e4chig sind, dass F\u00fcllungen den Zahn eher schw\u00e4chen w\u00fcrden, als Ihn zu stabilisieren und eine zirkul\u00e4re Kronenpr\u00e4paration die restliche Zahnsubstanz vollst\u00e4ndig eliminieren w\u00fcrde. Keramikinlays sind, nachdem sie vom Zahnarzt eingegliedert wurden \u201eunsichtbar\u201c, da auch hier die Zahnfarbe individuell bestimmt wird und durch das Einklebeverfahren der \u00dcbergang Zahn&lt;&#8211;&gt;Inlay nicht mehr erkennbar ist. Das vorgehen ist \u00e4hnlich wie bei den Veneers im Fronzahnbereich.<\/p>\n<h1>Veneers<\/h1>\n<p>Veneer (englisch: Furnier) ist eine hauchd\u00fcnne, lichtdurchl\u00e4ssige Keramikschale f\u00fcr die Z\u00e4hne, die mit Spezialkleber auf die Zahnoberfl\u00e4che &#8211; vor allem von Frontz\u00e4hnen &#8211; aufgebracht wird. Die Haftschale besteht aus Keramik. Veneers verf\u00e4rben sich nicht, sind sehr belastbar und greifen das Zahnfleisch nicht an, der Einsatz von Keramik-Veneers in der Regel keine gesundheitliche Gef\u00e4hrdung dar, weil das Keramikmaterial eine sehr hohe Biovertr\u00e4glichkeit hat. Mit Veneers k\u00f6nnen wir leichte Zahnfehlstellungen, Zahnl\u00fccken, unbefriedigende Zahnfarben und lokale Verf\u00e4rbungen korrigieren. Durch Veneers erhalten die sichtbaren Oberfl\u00e4chen der Z\u00e4hne ein optimiertes Aussehen, und auch die Zahnfarbe wird bei diesem Verfahren individuell korrigiert.<\/p>\n<p>Vorgehen am Behandlungsstuhl -Termin1-: In der Regel werden bei ihrem Einsatz alte Kunststofff\u00fcllungen oder Eckenaufbauten entfernt. Es wird eine d\u00fcnne Schicht (0,3 &#8211; 1,0 mm) vom Zahnschmelz abgetragen. Diese Pr\u00e4paration erfolgt nach den anatomischen Gegebenheiten mit dem Ziel, ein optimales kosmetisches und haltbares Ergebnis zu erzielen. Es erfolgt eine Abformung.<\/p>\n<p>Die provisorische Versorgung erfolgt mit Kunststoffveneers. In unserer Praxis erfolgt die \u00e4sthetisch wichtige Farbnahme und die Besprechung etwaiger Stellungskorrekturen zusammen mit dem Zahntechniker am Behandlungsstuhl!<\/p>\n<p>Vorgehen im Labor: Der Zahntechniker fertigt im Labor das Veneer auf dem Modell an und gibt es zum Einsetzen zum Zahnarzt.<br \/>\nVorgehen am Behandlungsstuhl \u2013Termin2-: Nach der Einprobe durch den Zahnarzt wird der Zahn gereinigt und trockengelegt. Der Zahn wird ange\u00e4tzt und mit einem sogenanntem Dentinadh\u00e4siv behandelt.<\/p>\n<p>Das Keramikveneer wird mit speziellem Keramik\u00e4tzgel behandelt und silanisiert, um eine gute Haftung des Komposit-Kunststoff-Klebers zu gew\u00e4hrleisten. Das Verkleben der Keramik mit dem Zahn ist recht aufw\u00e4ndig und dauert in der Regel mit allen vorbereitenden Ma\u00dfnahmen etwa 30 Minuten pro Zahn.<\/p>\n<h1>vollkeramisch Zirkonoxidrestaurationen<\/h1>\n<p>Bei vielen Menschen hat das Gesundheitsbewusstsein einen immer gr\u00f6\u00dferer Stellenwert. Auch die Z\u00e4hne spielen dabei eine gro\u00dfe Rolle. Keramik geh\u00f6rt heute zu den vertr\u00e4glichsten und besten Materialien in der Zahntechnik. Zirkonoxidvollkeramik ist absolut biokompatibel und somit durch und durch k\u00f6rpervertr\u00e4glich. Ihr Wohlbefinden wird nicht durch allergische oder unerw\u00fcnschte Reaktionen wie z.B. Metallgeschmack beeinflusst, Zirkonoxidvollkeramik hat eine \u00e4hnliche Lichtdurchl\u00e4ssigkeit wie nat\u00fcrliches Zahnmaterial und gen\u00fcgt damit den h\u00f6chsten \u00e4sthetischen Anspr\u00fcchen.<\/p>\n<p>Durch den Einsatz der CAD CAM Technologie bietet es eine nie da gewesene Passgenauigkeit und kommt \u00fcberall dort zum Einsatz, wo eine Unterkonstruktion (oder Ger\u00fcst, fr\u00fcher Gold oder NEM), unter der Keramik gefordert ist, wie z.B bei gro\u00dfen Br\u00fccken oder Implantatkonstruktionen, man aber auf Metall vollst\u00e4ndig verzichten m\u00f6chte.<\/p>\n","protected":false},"excerpt":{"rendered":"<p>Durch Karies, Parodontitis, Nichtanlage von Z\u00e4hnen oder durch Unf\u00e4lle kann es zu Zahnverlusten kommen. Diese fehlenden Z\u00e4hne durch Br\u00fccken, Voll- oder Teilprothesen zu ersetzen ist das Behandlungsgebiet der Zahnersatz (=Prothetik.) \u00dcber den \u201eTellerrand\u201c der klassischen Prothetik hinaus bieten wir \u2013 ausschlie\u00dflich im deutschen Meisterlabor angefertigt \u2013 das gesamte Spektrum der modernen Zahnerhaltung mit und ohne &hellip; <\/p>\n<p class=\"link-more\"><a href=\"https:\/\/zahnarztpraxis-steinbach.de\/?page_id=152\" class=\"more-link\"><span class=\"screen-reader-text\">\u201eZahnersatz\u201c<\/span> weiterlesen<\/a><\/p>\n","protected":false},"author":1,"featured_media":0,"parent":102,"menu_order":3,"comment_status":"closed","ping_status":"closed","template":"","meta":[],"_links":{"self":[{"href":"https:\/\/zahnarztpraxis-steinbach.de\/index.php?rest_route=\/wp\/v2\/pages\/152"}],"collection":[{"href":"https:\/\/zahnarztpraxis-steinbach.de\/index.php?rest_route=\/wp\/v2\/pages"}],"about":[{"href":"https:\/\/zahnarztpraxis-steinbach.de\/index.php?rest_route=\/wp\/v2\/types\/page"}],"author":[{"embeddable":true,"href":"https:\/\/zahnarztpraxis-steinbach.de\/index.php?rest_route=\/wp\/v2\/users\/1"}],"replies":[{"embeddable":true,"href":"https:\/\/zahnarztpraxis-steinbach.de\/index.php?rest_route=%2Fwp%2Fv2%2Fcomments&post=152"}],"version-history":[{"count":8,"href":"https:\/\/zahnarztpraxis-steinbach.de\/index.php?rest_route=\/wp\/v2\/pages\/152\/revisions"}],"predecessor-version":[{"id":394,"href":"https:\/\/zahnarztpraxis-steinbach.de\/index.php?rest_route=\/wp\/v2\/pages\/152\/revisions\/394"}],"up":[{"embeddable":true,"href":"https:\/\/zahnarztpraxis-steinbach.de\/index.php?rest_route=\/wp\/v2\/pages\/102"}],"wp:attachment":[{"href":"https:\/\/zahnarztpraxis-steinbach.de\/index.php?rest_route=%2Fwp%2Fv2%2Fmedia&parent=152"}],"curies":[{"name":"wp","href":"https:\/\/api.w.org\/{rel}","templated":true}]}}