{"id":149,"date":"2018-07-19T15:14:39","date_gmt":"2018-07-19T13:14:39","guid":{"rendered":"http:\/\/zahnarztpraxis-steinbach.de\/?page_id=149"},"modified":"2019-04-23T16:20:33","modified_gmt":"2019-04-23T14:20:33","slug":"zahnerhaltung","status":"publish","type":"page","link":"https:\/\/zahnarztpraxis-steinbach.de\/?page_id=149","title":{"rendered":"Zahnerhaltung"},"content":{"rendered":"<p>Die konservierende Zahnheilkunde (Zahnerhaltung) ist f\u00fcr unsere Patienten von herausragender Bedeutung, da die notwendige medizinische Versorgung mit einem \u00e4sthetischen Erscheinungsbild einhergeht, wobei die Erhaltung des Zahnes nat\u00fcrlich im Vordergrund steht.<br \/>\n\t\t\t\t\t\t\t<h3 style=\"margin-bottom:20px ;display:block;width:100%;margin-top:10px\">Zahnerhaltung <\/h3>\r\n\t\t\t\t\t\t\t\t<style>\r\n\t\t\t\t\r\n\t\t\t\t\t#tab_container_410 {\r\n\toverflow:hidden;\r\n\tdisplay:block;\r\n\twidth:100%;\r\n\tborder:0px solid #ddd;\r\n\tmargin-bottom:30px;\r\n\t}\r\n\r\n#tab_container_410 .tab-content{\r\n\tpadding:20px;\r\n\tborder: 1px solid #dbe1e3 !important;\r\n\tmargin-top: 0px;\r\n\tbackground-color:#f4fafc !important;\r\n\tcolor:  !important;\r\n\tfont-size:17px !important;\r\n\tfont-family: Helvetica !important;\r\n\t\r\n\t\tborder: 1px solid #dbe1e3 !important;\r\n\t}\r\n#tab_container_410 .wpsm_nav-tabs {\r\n    border-bottom: 0px solid #ddd;\r\n}\r\n#tab_container_410 .wpsm_nav-tabs > li.active > a, #tab_container_410 .wpsm_nav-tabs > li.active > a:hover, #tab_container_410 .wpsm_nav-tabs > li.active > a:focus {\r\n\tcolor: #ffffff !important;\r\n\tcursor: default;\r\n\tbackground-color: #4db8d8 !important;\r\n\tborder: 1px solid #349fbf !important;\r\n}\r\n\r\n#tab_container_410 .wpsm_nav-tabs > li > a {\r\n    margin-right: 0px !important; \r\n    line-height: 1.42857143 !important;\r\n    border: 1px solid #8ec9da !important;\r\n    border-radius: 0px 0px 0 0 !important; \r\n\tbackground-color: #a1dced !important;\r\n\tcolor: #ffffff !important;\r\n\tpadding: 15px 18px 15px 18px !important;\r\n\ttext-decoration: none !important;\r\n\tfont-size: 20px !important;\r\n\ttext-align:center !important;\r\n\tfont-family: Helvetica !important;\r\n}\r\n#tab_container_410 .wpsm_nav-tabs > li > a:focus {\r\noutline: 0px !important;\r\n}\r\n\r\n#tab_container_410 .wpsm_nav-tabs > li > a:before {\r\n\tdisplay:none !important;\r\n}\r\n#tab_container_410 .wpsm_nav-tabs > li > a:after {\r\n\tdisplay:none !important ;\r\n}\r\n#tab_container_410 .wpsm_nav-tabs > li{\r\npadding:0px !important ;\r\nmargin:0px;\r\n}\r\n\r\n#tab_container_410 .wpsm_nav-tabs > li > a:hover , #tab_container_410 .wpsm_nav-tabs > li > a:focus {\r\n    color: #ffffff !important;\r\n    background-color: #a1dced !important;\r\n\tborder: 1px solid #8ec9da !important;\r\n\t\r\n}\r\n#tab_container_410 .wpsm_nav-tabs > li > a .fa{\r\n\r\nmargin-right:5px !important;\r\n\r\nmargin-left:5px !important;\r\n\r\n\r\n}\r\n\r\n\t\t#tab_container_410 .wpsm_nav-tabs a{\r\n\t\t\tbackground-image: url('');\r\n\t\t\tbackground-position: 0 0;\r\n\t\t\tbackground-repeat: repeat-x;\r\n\t\t}\r\n\t\t\t\r\n\r\n\r\n#tab_container_410 .wpsm_nav-tabs > li {\r\n    float: left;\r\n    margin-bottom: -1px !important;\r\n\tmargin-right:0px !important; \r\n}\r\n\r\n\r\n#tab_container_410 .tab-content{\r\noverflow:hidden !important;\r\n}\r\n\r\n\r\n@media (min-width: 769px) {\r\n\r\n\t#tab_container_410 .wpsm_nav-tabs > li{\r\n\t\tfloat:left !important ;\r\n\t\t\t\tmargin-right:-1px !important;\r\n\t\t\t\t\t}\r\n\t#tab_container_410 .wpsm_nav-tabs{\r\n\t\tfloat:none !important;\r\n\t\tmargin:0px !important;\r\n\t}\r\n\r\n\t#tab_container_410 .wpsm_nav-tabs > li {\r\n\t\t\t\t\r\n\t}\r\n\t#tab_container_410 .wpsm_nav{\r\n\t\t\t}\r\n\r\n}\r\n\r\n\r\n\r\n@media (max-width: 768px) {\r\n\t#tab_container_410 .wpsm_nav-tabs > li {\r\n\t\t\t\t\r\n\t}\r\n\t#tab_container_410 .wpsm_nav{\r\n\t\t\t}\r\n}\r\n\r\n\r\n\t.wpsm_nav-tabs li:before{\r\n\t\tdisplay:none !important;\r\n\t}\r\n\r\n\t@media (max-width: 768px) {\r\n\t\t\t\t\r\n\t\t\t\t.wpsm_nav-tabs{\r\n\t\t\tmargin-left:0px !important;\r\n\t\t\tmargin-right:0px !important; \r\n\t\t\t\r\n\t\t}\r\n\t\t\t\t#tab_container_410 .wpsm_nav-tabs > li{\r\n\t\t\tfloat:none !important;\r\n\t\t}\r\n\t\t\t\r\n\t}\r\n\t\t\t\t<\/style>\r\n\t\t\t\t<div id=\"tab_container_410\" >\r\n\t \r\n\t\t\t\t\t<ul class=\"wpsm_nav wpsm_nav-tabs\" role=\"tablist\" id=\"myTab_410\">\r\n\t\t\t\t\t\t\t\r\n\t\t\t\t\t\t\t<li role=\"presentation\"  class=\"active\"  >\r\n\t\t\t\t\t\t\t\t<a href=\"#tabs_desc_410_1\" aria-controls=\"tabs_desc_410_1\" role=\"tab\" data-toggle=\"tab\">\r\n\t\t\t\t\t\t\t\t\t\r\n\t\t\t\t\t\t\t\t\t\t\t\t\t\t\t\t\t\t\t\t\t\t\t\t\t\t\t\t\t\t\t\t\t\t\t\t\t<i class=\"fa fa-laptop\"><\/i> \t\t\t\t\t\t\t\t\t\t\t\t\t\t\t\t\t\t\t\t\t\t\t\r\n\t\t\t\t\t\t\t\t\t\t\t\t\t\t\t\t\t\t\t\t\t\t\r\n\t\t\t\t\t\t\t\t\t\t\t<span>Endodontie<\/span>\r\n\t\t\t\t\t\t\t\t\t\t\t\r\n\t\t\t\t\t\t\t\t\t\t\t\t\t\t\t\t\t\t\t\t\t\t\r\n\t\t\t\t\t\t\t\t\t\t\t\t\t\t\t\t\t\t\t\t\r\n\t\t\t\t\t\t\t\t\t\t\r\n\t\t\t\t\t\t\t\t\t\r\n\t\t\t\t\t\t\t\t<\/a>\r\n\t\t\t\t\t\t\t<\/li>\r\n\t\t\t\t\t\t\t\r\n\t\t\t\t\t\t\t<li role=\"presentation\"  >\r\n\t\t\t\t\t\t\t\t<a href=\"#tabs_desc_410_2\" aria-controls=\"tabs_desc_410_2\" role=\"tab\" data-toggle=\"tab\">\r\n\t\t\t\t\t\t\t\t\t\r\n\t\t\t\t\t\t\t\t\t\t\t\t\t\t\t\t\t\t\t\t\t\t\t\t\t\t\t\t\t\t\t\t\t\t\t\t\t<i class=\"fa fa-laptop\"><\/i> \t\t\t\t\t\t\t\t\t\t\t\t\t\t\t\t\t\t\t\t\t\t\t\r\n\t\t\t\t\t\t\t\t\t\t\t\t\t\t\t\t\t\t\t\t\t\t\r\n\t\t\t\t\t\t\t\t\t\t\t<span>Parodontitistherapie<\/span>\r\n\t\t\t\t\t\t\t\t\t\t\t\r\n\t\t\t\t\t\t\t\t\t\t\t\t\t\t\t\t\t\t\t\t\t\t\r\n\t\t\t\t\t\t\t\t\t\t\t\t\t\t\t\t\t\t\t\t\r\n\t\t\t\t\t\t\t\t\t\t\r\n\t\t\t\t\t\t\t\t\t\r\n\t\t\t\t\t\t\t\t<\/a>\r\n\t\t\t\t\t\t\t<\/li>\r\n\t\t\t\t\t\t\t\t\t\t\t <\/ul>\r\n\r\n\t\t\t\t\t  <!-- Tab panes -->\r\n\t\t\t\t\t  <div class=\"tab-content\" id=\"tab-content_410\">\r\n\t\t\t\t\t\t\t\t\t\t\t\t <div role=\"tabpanel\" class=\"tab-pane  in active \" id=\"tabs_desc_410_1\">\r\n\t\t\t\t\t\t\t\t<h2>Warum kommt es zur Wurzelbehandlung?<\/h2>\r\nZu einer Wurzelbehandlung kommt es immer dann, wenn das Zahnmark (bestehend aus Nerven und Blutgef\u00e4\u00dfen) sich entz\u00fcndet hat. H\u00e4ufigster Grund ist die Karies. Karies l\u00f6st die Zahnhartsubstanz auf, es entsteht ein \"Loch im Zahn\", wodurch das Zahnmark nun freiliegt und von Bakterien besiedelt werden kann. Dies verursacht eine akute oder chronische Pulpitis (Entz\u00fcndung des Zahnmarkes). Die akute Form der Pulpitis kann sehr schmerzhaft sein, teils unertr\u00e4glich, die chronische, die auch schmerzhaft sein kann, verl\u00e4uft in der Regel schmerzlos, kann jedoch akut werden (\"Der Zahn geht hoch\").\r\nEin anderer Grund, warum man Z\u00e4hne wurzelbehandeln muss, ist die Zahnfraktur, bei der das Zahnmark ebenfalls freiliegen kann. Nicht bei allen Zahnfrakturen ist eine Wurzelbehandlung m\u00f6glich, in manchen F\u00e4llen muss der Zahn gezogen werden.\r\n<h2>Wie ist die Prognose einer Wurzelbehandlung?<\/h2>\r\nDie Erfolgsaussichten f\u00fcr einen Erfolg einer Wurzelbehandlung stehen ca. bei 75-80%. Eine Erfolgsgarantie f\u00fcr den 100% Erfolg der Behandlung gibt eis leider nicht.\r\n<h2>Wie viele Sitzungen n\u00f6tig bis Behandlung abgeschlossen?<\/h2>\r\nIm g\u00fcnstigsten Fall reichen zwei Sitzung aus, in problematischen F\u00e4llen sind 3-6 Sitzungen notwendig, zwischen denen in aller Regel zwei Wochen liegen. Wenn ein Zahn l\u00e4nger als sechs Monate nicht definitiv versorgt wird, sinkt die Erfolgsrate rapid ab.\r\n<h2>Ist eine Bet\u00e4ubung bei der Wurzelbehandlung notwendig?<\/h2>\r\nJein.\r\n\r\nEine Lokalan\u00e4sthesie wird immer notwendig sein, wenn der Zahn noch lebt, wenn er also noch vital ist. Dies wird mittels K\u00e4ltetest untersucht.\r\nWenn ein Zahn abgestorben ist, ist eine Bet\u00e4ubung nicht notwendig.\r\n\r\n<br><br><strong>Einzelne Schritte der Wurzelbehandlung<\/strong><br><br>\r\n\r\n1) Lokalan\u00e4sthesie. In manchen F\u00e4llen ist eine Bet\u00e4ubung nicht notwendig, z.B wenn der Zahn so weit gesch\u00e4digt ist, dass der Nerv bereits abgestorben ist. Im Regelfall ist die Spritze leider nicht zu vermeiden.\r\n<br>\r\n2) Trepanation - Durchbohrung des Zahnes. Der Zahnarzt bohrt ein Loch in den Zahn, um zum Nerv (\"Pulpa\") zu gelangen.\r\n<br>\r\n3) Aufbereitung des Kanales\/der Kan\u00e4le. Mit maschinellen Instrumenten oder Handinstrumenten wird nun der oder die Nervkan\u00e4le (pro Zahnwurzel ein Nervkanal) des Zahnes befreit von den Blutgef\u00e4\u00dfen und Nerven.\r\n<br>\r\n4) Desinfektion. Der Zahn wird gesp\u00fclt und von Bakterien befreit. Eine v\u00f6llige Keimfreiheit ist nicht m\u00f6glich, Ziel ist eine m\u00f6glichst hohe Keimreduktion, da im Kanal noch verbliebene Keime zu einer Reinfektion f\u00fchren k\u00f6nnen.\r\n\r\n\r\n<br><br><strong>Wurzelbehandlung\u00a01<\/strong><br><br>\r\n\r\n5) medikament\u00f6se Einlage. Der Zahn wird mit einer medikament\u00f6sen Einlage versorgt, das hei\u00dft in die ges\u00e4uberten und desinfizierten Nervkan\u00e4le wird ein entz\u00fcndungshemmendes Medikament eingebracht, um die verbliebenen Bakterien im Nervkanal uns vor allen Dingen an der Wurzelspitze zu eliminieren. Der Patient muss noch mal kommen.\r\n<br>\r\n6) Abf\u00fcllen des Kanals oder provisorische Einlage. Der Zahn wird definitiv gef\u00fcllt. Die Nervkan\u00e4le werden nochmals ges\u00e4ubert, alle Medikamentenreste entfernt und die Nervkan\u00e4le bis zur Wurzelspitze mit einem definitiven best\u00e4ndigen Material gef\u00fcllt. So werden alle Hohlr\u00e4ume verschlossen und neue Bakterien k\u00f6nnen sich nicht mehr ansiedeln.\r\n<br>\r\n7) Das Loch im Zahn wird definitiv verschlossen.\r\n\r\n\r\n<br><br><strong>Wurzelbehandlung\u00a02<\/strong><br><br>\r\n\r\nMuss ich f\u00fcr eine Wurzelbehandlung ger\u00f6ntgt werden?\r\nJa! Ohne R\u00f6ntgenaufnahmen ist eine Wurzelbehandlung nicht m\u00f6glich.\r\nVor Beginn der Wurzelbehandlung\r\nMessaufnahme(n) w\u00e4hrend der Wurzelbehandlung\r\nKontrollaufnahme nach Abschluss der Wurzelbehandlung\r\n<h2>Ist die Wurzelbehandlung schmerzhaft?<\/h2>\r\nOft h\u00f6rt man Horrorgeschichten \u00fcber die Wurzelbehandlung. Tatsache ist: In der \u00fcberwiegenden Zahl der F\u00e4lle verl\u00e4uft die Wurzelbehandlung v\u00f6llig schmerzfrei. Viele Patienten sind \u00fcberrascht, wenn sie bei der Wurzelbehandlung nichts sp\u00fcren.\r\n<h2>Was kostet eine Wurzelbehandlung?<\/h2>\r\nWie in allen Bereichen der Zahnerhaltung wird eine \u201eBasisversorgung\u201c von den gesetzlichen Krankenkassen vollst\u00e4ndig getragen, sofern diese nach den Richtlinien der Krankenkassen erfolgt.\r\n\r\nDiese Richtlinien besagen, dass die Kosten f\u00fcr eine \u201eWirtschaftliche, Ausreichende, Notwendige und Zweckm\u00e4\u00dfige\u201c Wurzelbehandlung \u00fcbernommen werden.\r\n\r\n\u201eAusreichend\u201c stellt aber kein Qualit\u00e4tsstandard (Schulnote 4!) unserer Praxis dar.\r\nDaher bieten wir Ihnen nat\u00fcrlich auch eine Behandlung, welche eher unserem Qualit\u00e4tsstandard entspricht und dar\u00fcber hinaus die Erfolgswahrscheinlichkeit der Wurzelbehandlung auf \u00fcber 95% erh\u00f6ht.\r\n\r\nDies macht zus\u00e4tzliche Behandlungsma\u00dfnahmen notwendig, welche \u00fcber das Ma\u00df der Krankenkassen hinaus gehen und dann nicht mehr von diesen \u00fcbernommen werden. Die zus\u00e4tzlichen Kosten richten sich nach der Anzahl der zu behandelnden Wurzelkan\u00e4le.\t\t\t\t\t\t <\/div>\r\n\t\t\t\t\t\t\t\t\t\t\t\t <div role=\"tabpanel\" class=\"tab-pane \" id=\"tabs_desc_410_2\">\r\n\t\t\t\t\t\t\t\t<h2>Wer \u00fcbernimmt die Kosten f\u00fcr die Behandlung?<\/h2>\r\nDie Behandlung muss bei der Krankenkasse \u2013 \u00e4hnlich wie Zahnersatz \u2013 beantragt werden, wird aber vollst\u00e4ndig von der Krankenkasse \u00fcbernommen.\r\n\r\nWie kann ich meinen Beitrag bei der h\u00e4uslichen Zahnpflege leisten?\r\nZahnfleischentz\u00fcndungen lassen sich durch regelm\u00e4\u00dfige Zahnpflege verhindern \u2013 am besten durch gr\u00fcndliches Z\u00e4hneputzen nach jedem Essen. Putzen Sie regelm\u00e4\u00dfig morgens und besonders abends die Z\u00e4hne. Wichtig ist auch, die Zahnb\u00fcrste regelm\u00e4\u00dfig zu wechseln.\r\n\r\nAllerdings reichen diese Ma\u00dfnahmen nicht immer aus, denn normale Zahnb\u00fcrsten reinigen nur die Vorder- und R\u00fcckseite der Z\u00e4hne. F\u00fcr die Zahnzwischenr\u00e4ume empfiehlt sich der Gebrauch von Zahnseide oder speziellen Zwischenraumb\u00fcrstchen. Das Risiko einer Zahnfleischentz\u00fcndung und damit einer Parodontitis l\u00e4sst sich so extrem senken. Spezielle Hilfsmittel f\u00fcr Zuhause erhalten Sie ebenfalls im Rahmen der professionellen Zahnreinigung.\r\n<h2>Die professionelle Zahnreinigung auf einen Blick<\/h2>\r\n<strong>Je nach Bedarf f\u00fchrt Ihr Zahnarzt die folgenden Behandlungsschritte durch:<\/strong><br><br>\r\n<ul>\r\n \t<li>Zahnmedizinische Untersuchung und Erl\u00e4uterung der Behandlung<\/li>\r\n \t<li>Vollst\u00e4ndige Entfernung aller harten (Zahnstein, Verf\u00e4rbungen) und weichen<\/li>\r\n \t<li>(Plaque) Ablagerungen auf Zahn- und erreichbaren Wurzeloberfl\u00e4chen<\/li>\r\n \t<li>Reinigung der erreichbaren Zahnwurzeloberfl\u00e4chen und der<\/li>\r\n \t<li>Zahnzwischenr\u00e4ume ohne parodontalchirurgische Eingriffe mit dem Air-Flow-Hochdruckstrahlger\u00e4t<\/li>\r\n \t<li>Politur von Zahnkronen- bzw. der klinisch sichtbaren Zahnwurzeloberfl\u00e4chen mit Polierinstrumenten und -pasten<\/li>\r\n \t<li>Kontrolle, Nachreinigung und Fluoridierung<\/li>\r\n \t<li>Anleitung zur richtigen Mundhygiene<\/li>\r\n<\/ul>\r\nDer Umfang einer PZR richtet sich immer nach der individuellen Situation des Patienten.\r\n<h2>Was ist Parodontitis?<\/h2>\r\nParodontitis ist eine Entz\u00fcndung des Zahnhalteapparates (Parodont). Dazu z\u00e4hlen der Kieferknochen, das Zahnfleisch, der Zahnhals, das Wurzelzement und die Wurzelhaut. Das Wurzelzement ist der \u00e4u\u00dfere Teil des Zahns, der vom Zahnfleisch umschlossen wird. Au\u00dfen wird das Wurzelzement durch die Wurzelhaut umfasst.\r\n<h2>Wie entsteht eine Parodontitis?<\/h2>\r\nIm Zahnbelag auf Zahnoberfl\u00e4chen und am Zahnfleischrand sammeln sich Bakterien, die eine Zahnfleischentz\u00fcndung ausl\u00f6sen.\r\nAllm\u00e4hlich greift die Entz\u00fcndung auf den Zahnhalte-Apparat \u00fcber \u2013 man spricht von Parodontitis. Zun\u00e4chst entsteht eine Zahnfleischtasche. Dehnt sich der Prozess auf den kn\u00f6chernen Anteil des Zahnhalte-Apparates aus, kann eine Knochentasche entstehen. Darin lagert sich wiederum Zahnbelag ein und der Prozess schreitet unaufhaltsam in Richtung Wurzelspitze fort. Ergebnis: Der Zahn lockert sich.\r\n<h2>paradontitis<\/h2>\r\n\u00a0\r\n\r\nGibt es weitere Ursachen f\u00fcr Parodontitis?\r\nDie Hauptursache der Parodontits ist der Zahnbelag. Es gibt jedoch eine Reihe von anderen Faktoren, welche im Einzelfall abzukl\u00e4ren sind:\r\n\r\nJe z\u00e4hfl\u00fcssiger der Speichel ist, desto schlechter ist seine reinigende Wirkung\r\nMundatmung f\u00fchrt zur Austrocknung der Schleimh\u00e4ute\r\nAllergien\r\nAllgemeinerkrankungen (Diabetes, Leuk\u00e4mie)\r\nGenetische Disposition (Vererbungsfaktoren)\r\n<h2>Wie \u00e4u\u00dfert sich eine Parodontitis?<\/h2>\r\nMeist schreitet die Parodontitis relativ langsam voran. Erst nach geraumer Zeit entstehen umfangreiche Sch\u00e4den. Das entz\u00fcndete Zahnfleisch schwillt an, ist stark ger\u00f6tet und es kommt zu Zahnfleischbluten. Da keine Schmerzen auftreten, ist das Bluten ein ernstzunehmendes Alarmsignal.\r\n<ul><br>\r\n \t<strong>Weitere Symptome sind:<\/strong><br><br>\r\n \t<li>\u00dcbler Mundgeruch<\/li>\r\n \t<li>Eiterausfluss aus den Taschen<\/li>\r\n \t<li>Freilegung der Zahnh\u00e4lse<\/li>\r\n \t<li>Lockerung der Z\u00e4hne, schlie\u00dflich Zahnverlust<\/li>\r\n<\/ul>\r\n<h2>Wie l\u00e4uft die Behandlung ab?<\/h2>\r\nGrob gesagt ist das Hauptziel der Behandlung die Eliminierung der Parodontitis verursachenden Bakterien in der Mundh\u00f6hle.\r\n\r\n<strong>Dies erfolgt in 4 Stufen:<\/strong>\r\n\r\nEntfernung der Bakterien auf der Zahnoberfl\u00e4che durch eine professionelle Zahnreinigung. Die Professionelle Zahnreinigung (PZR) ist nicht nur eine Vorsorgema\u00dfnahme, sondern auch ein Bestandteil der Parodontitistherapie. So k\u00f6nnen weiche und harte Plaques \u00fcber dem Zahnfleischrand entfernt werden.\r\nEliminierung der Bakterien in den Mundschleimh\u00e4uten. Daf\u00fcr ben\u00f6tigen Sie eine spezielle Mundsp\u00fcll\u00f6sung und eine spezielle Zahnpasta. Beides erhalten Sie bei der professionellen Zahnreinigung in unserer Praxis.\r\nS\u00e4uberung der Zahnfleischtaschen unterhalb des Zahnfleisches unter An\u00e4sthesie (eigentliche Parodontitisbehandlung) in zwei Sitzungen.\r\nZur erfolgreichen Therapie geh\u00f6rt auch eine gute Nachsorge. Parodontitis-Patienten sollten regelm\u00e4\u00dfig alle drei bis sechs Monate Z\u00e4hne und Zahnfleisch vom Zahnarzt kontrollieren lassen. Dazu geh\u00f6ren auch eine Zahnreinigung sowie das regelm\u00e4\u00dfige Nachmessen der Zahnfleischtaschen.\t\t\t\t\t\t <\/div>\r\n\t\t\t\t\t\t\t\r\n\t\t\t\t\t <\/div>\r\n\t\t\t\t\t \r\n\t\t\t\t <\/div>\r\n <script>\r\n\t\tjQuery(function () {\r\n\t\t\tjQuery('#myTab_410 a:first').tab('show')\r\n\t\t});\r\n\t\t\r\n\t\t\t\tjQuery(function(){\r\n\t\t\tvar b=\"fadeIn\";\r\n\t\t\tvar c;\r\n\t\t\tvar a;\r\n\t\t\td(jQuery(\"#myTab_410 a\"),jQuery(\"#tab-content_410\"));function d(e,f,g){\r\n\t\t\t\te.click(function(i){\r\n\t\t\t\t\ti.preventDefault();\r\n\t\t\t\t\tjQuery(this).tab(\"show\");\r\n\t\t\t\t\tvar h=jQuery(this).data(\"easein\");\r\n\t\t\t\t\tif(c){c.removeClass(a);}\r\n\t\t\t\t\tif(h){f.find(\"div.active\").addClass(\"animated \"+h);a=h;}\r\n\t\t\t\t\telse{if(g){f.find(\"div.active\").addClass(\"animated \"+g);a=g;}else{f.find(\"div.active\").addClass(\"animated \"+b);a=b;}}c=f.find(\"div.active\");\r\n\t\t\t\t});\r\n\t\t\t}\r\n\t\t});\r\n\t\t\t<\/script>\r\n\t\t\t\t\r\n\t\t\t<\/p>\n<h1>Kinderzahnheilkunde<\/h1>\n<p>Die Kinderzahnheilkunde ist ein Teilgebiet der Zahnmedizin zur <strong>speziellen Behandlung<\/strong> aller Krankheiten im Zahn-, Mund- und Kieferbereich w\u00e4hrend der Kindheit, also von der Geburt bis zur Pubert\u00e4t. Dabei steht besonders bei den ganz kleinen Patienten die psychologische Komponente im Vordergrund. Durch besonders viel Zeit und Einf\u00fchlungsverm\u00f6gen versuchen wir einen Zugang zu unseren kleinen Patienten zu bekommen und vor allen Dingen ein Vertrauensverh\u00e4ltnis zwischen dem Behandler und dem Kind aufzubauen. Ist das Eis erstmal gebrochen und die Angst genommen, k\u00f6nnen wir \u2013<strong>ohne risikoreiche Vollnarkose<\/strong> \u2013 mit der eigentlichen Behandlung beginnen.<\/p>\n","protected":false},"excerpt":{"rendered":"<p>Die konservierende Zahnheilkunde (Zahnerhaltung) ist f\u00fcr unsere Patienten von herausragender Bedeutung, da die notwendige medizinische Versorgung mit einem \u00e4sthetischen Erscheinungsbild einhergeht, wobei die Erhaltung des Zahnes nat\u00fcrlich im Vordergrund steht. Kinderzahnheilkunde Die Kinderzahnheilkunde ist ein Teilgebiet der Zahnmedizin zur speziellen Behandlung aller Krankheiten im Zahn-, Mund- und Kieferbereich w\u00e4hrend der Kindheit, also von der Geburt &hellip; <\/p>\n<p class=\"link-more\"><a href=\"https:\/\/zahnarztpraxis-steinbach.de\/?p=410\" class=\"more-link\"><span class=\"screen-reader-text\">\u201eZahnerhaltung\u201c<\/span> weiterlesen<\/a><\/p>\n","protected":false},"author":1,"featured_media":0,"parent":102,"menu_order":2,"comment_status":"closed","ping_status":"closed","template":"","meta":[],"_links":{"self":[{"href":"https:\/\/zahnarztpraxis-steinbach.de\/index.php?rest_route=\/wp\/v2\/pages\/149"}],"collection":[{"href":"https:\/\/zahnarztpraxis-steinbach.de\/index.php?rest_route=\/wp\/v2\/pages"}],"about":[{"href":"https:\/\/zahnarztpraxis-steinbach.de\/index.php?rest_route=\/wp\/v2\/types\/page"}],"author":[{"embeddable":true,"href":"https:\/\/zahnarztpraxis-steinbach.de\/index.php?rest_route=\/wp\/v2\/users\/1"}],"replies":[{"embeddable":true,"href":"https:\/\/zahnarztpraxis-steinbach.de\/index.php?rest_route=%2Fwp%2Fv2%2Fcomments&post=149"}],"version-history":[{"count":5,"href":"https:\/\/zahnarztpraxis-steinbach.de\/index.php?rest_route=\/wp\/v2\/pages\/149\/revisions"}],"predecessor-version":[{"id":411,"href":"https:\/\/zahnarztpraxis-steinbach.de\/index.php?rest_route=\/wp\/v2\/pages\/149\/revisions\/411"}],"up":[{"embeddable":true,"href":"https:\/\/zahnarztpraxis-steinbach.de\/index.php?rest_route=\/wp\/v2\/pages\/102"}],"wp:attachment":[{"href":"https:\/\/zahnarztpraxis-steinbach.de\/index.php?rest_route=%2Fwp%2Fv2%2Fmedia&parent=149"}],"curies":[{"name":"wp","href":"https:\/\/api.w.org\/{rel}","templated":true}]}}