{"id":143,"date":"2018-07-19T15:13:44","date_gmt":"2018-07-19T13:13:44","guid":{"rendered":"http:\/\/zahnarztpraxis-steinbach.de\/?page_id=143"},"modified":"2019-04-23T17:25:18","modified_gmt":"2019-04-23T15:25:18","slug":"prophylaxe","status":"publish","type":"page","link":"https:\/\/zahnarztpraxis-steinbach.de\/?page_id=143","title":{"rendered":"Prophylaxe"},"content":{"rendered":"<p>Unter einer Prophylaxe (griechisch \u03c0\u03c1\u03bf\u03c6\u03cd\u03bb\u03b1\u03be\u03b9\u03c2, \u201eSchutz\u201c, \u201eVorbeugung\u201c, von altgriechisch \u03c0\u03c1\u03bf\u03c6\u03c5\u03bb\u03ac\u03c3\u03c3\u03c9, \u201esch\u00fctzen\u201c) versteht man Ma\u00dfnahmen zur Vorbeugung von Krankheiten. Auf dem Gebiet der Zahnmedizin sind dies vor allen Dingen Karies und Parodontitis (ugs.: Parodontose). Neben allgemeinen Empfehlungen zur Karies- und Parodontitisprophylaxe gibt der Zahnarzt oder eine speziell ausgebildete Helferin (Prophylaxehelferin) Rat zur richtigen Zahnputztechnik und nimmt professionelle Zahnreinigungen vor.<\/p>\n<h1>Warum ist Prophylaxe so wichtig?<\/h1>\n<p>Gesunde Z\u00e4hne und gesundes Zahnfleisch ein Leben lang \u2013 mit der richtigen Prophylaxe kann jeder dieses Ziel erreichen. Je fr\u00fcher man mit der Prophylaxe beginnt, umso eher k\u00f6nnen Eingriffe durch den Zahnarzt vermieden werden.<\/p>\n<h1>\nVorbeugen statt reparieren<\/h1>\n<p>So lautet der Ansatz der zahnmedizinischen Wissenschaft<br \/>\nDenn: Gerade in der Zahnmedizin ist es m\u00f6glich, Erkrankungen zu vermeiden oder fr\u00fchzeitig zu erkennen, bevor sie zu gravierenden Problemen f\u00fchren. Bei der Vorbeugung gegen Karies und Parodontitis (=Parodontose) reicht regelm\u00e4\u00dfiges Z\u00e4hneputzen allein leider nicht aus. Deshalb bieten Wir Ihnen erg\u00e4nzend zur h\u00e4uslichen Zahnpflege sinnvolle Prophylaxe-Ma\u00dfnahmen an, die in der Zahnarztpraxis durchgef\u00fchrt werden. So k\u00f6nnen Sie optimal vorsorgen.<\/p>\n<h1>Was ist eine professionelle Zahnreinigung?<\/h1>\n<p>Gegen hartn\u00e4ckige bakterielle Zahnbel\u00e4ge \u2013 die Hauptverursacher von Karies und Parodontitis (=Parodontose) \u2013 kommt auch die gewissenhafteste Zahnpflege nicht immer an. Deshalb gibt es die professionelle Zahnreinigung,<br \/>\nabgek\u00fcrzt PZR. Mit ihr werden s\u00e4mtliche harten und weichen Bel\u00e4ge sowie Bakterien beseitigt. Karies und Zahnbetterkrankungen wird damit effektiv vorgebeugt.<\/p>\n<p>Dabei geht die PZR viel weiter als die Belagentfernung im Rahmen der \u00fcblichen Kontrolluntersuchung, welche vor allem die Zahnsteinentfernung zum Ziel hat.<\/p>\n<h1>\nWie l\u00e4uft eine PZR ab?<\/h1>\n<p>Am Anfang der PZR steht eine gr\u00fcndliche Untersuchung des Gebisses. Danach werden die Bel\u00e4ge auf den Zahnoberfl\u00e4chen, in den Zahnzwischenr\u00e4umen und in den Zahnfleischtaschen mit speziellen Instrumenten entfernt. Gerade diesen Bereich erreicht man beim Z\u00e4hneputzen zu Hause nur schwer. Auch Verf\u00e4rbungen durch Kaffee, Tee, Rotwein oder Zigarettenkondensat (Nikotin) sind nach dem Einsatz von Spezialinstrumenten, z. B. unseres Air-Flow Salzstrahlger\u00e4tes, verschwunden.<\/p>\n<p>Sind die harten Bel\u00e4ge entfernt, kommen die weichen Ablagerungen an die Reihe. Dazu werden verschiedene Handinstrumente, kleine B\u00fcrstchen und Zahnseide benutzt. Weil Bakterien sich zuerst an rauhen Stellen und in Nischen festsetzen, folgt als N\u00e4chstes die Politur, um die Z\u00e4hne zu gl\u00e4tten. Anschlie\u00dfend werden die gereinigten Zahnfl\u00e4chen mit einem Fluorid-Lack \u00fcberzogen. Das sch\u00fctzt die Zahnoberfl\u00e4chen vor den S\u00e4ureattacken der Mundbakterien.<\/p>\n<p>Zum Schluss ber\u00e4t unsere Prophylaxehelferin den Patienten zur richtigen Zahnpflege daheim.<\/p>\n<h1>Wer f\u00fchrt die PZR durch?<\/h1>\n<p>Unsere speziell fortgebildete Prophylaxehelferinnen.<\/p>\n<h1>\nWie oft ist eine PZR sinnvoll?<\/h1>\n<p>Wissenschaftliche Untersuchungen haben ergeben, dass die PZR im Abstand von sechs bis neun Monaten die ideale Erg\u00e4nzung zum gr\u00fcndlichen Putzen ist, um Z\u00e4hne und Zahnfleisch gesund zu halten. Je nach individuellem Erkrankungsrisiko sind jedoch andere Zeitintervalle sinnvoll.<\/p>\n<h1>\nWas kostet eine PZR?<\/h1>\n<p>Der Gesetzgeber hat festgelegt, dass Zahnprophylaxe f\u00fcr Erwachsene zu den Eigenleistungen geh\u00f6rt. Deshalb wird diese Leistung nicht von den gesetzlichen Krankenkassen \u00fcbernommen. Die Kosten f\u00fcr eine PZR sind abh\u00e4ngig vom Zeitaufwand. Fragen Sie uns einfach!<\/p>\n<h1>Wie kann ich meinen Beitrag bei der h\u00e4uslichen Zahnpflege leisten?<\/h1>\n<p>Gr\u00fcndliche und regelm\u00e4\u00dfige Zahnpflege ist ein wichtiger Beitrag zur Prophylaxe, den Sie pers\u00f6nlich leisten k\u00f6nnen. Neben einer Zahnpasta mit Fluorid und Wirkstoffen gegen Plaquebakterien sollten Sie auch Zahnseide zur S\u00e4uberung verwenden.<\/p>\n<p>Des Weiteren geh\u00f6rt zur optimalen Vorsorge alle sechs bis neun Monate eine Kontrolluntersuchung in unserer Praxis.<\/p>\n<p>Der dritte Prophylaxebaustein ist die PZR in unserer Praxis. Pflege, Kontrolle und professionelle Zahnreinigung \u2013 der beste Weg zu umfassendem Schutz vor Karies und Parodontitis (=Parodontose).<\/p>\n<h3>\n<p>Die professionelle Zahnreinigung auf einen Blick<\/h3>\n<p>Je nach Bedarf f\u00fchren Wir die folgenden Behandlungsschritte durch:<\/p>\n<ul>\n<li>Zahnmedizinische Untersuchung und Erl\u00e4uterung der Behandlung<\/li>\n<li>Vollst\u00e4ndige Entfernung aller harten (Zahnstein, Verf\u00e4rbungen) und weichen (Plaque) Ablagerungen auf Zahn- und erreichbaren Wurzeloberfl\u00e4chen<\/li>\n<li>Reinigung der erreichbaren Zahnwurzeloberfl\u00e4chen und der Zahnzwischenr\u00e4ume ohne parodontalchirurgische Eingriffe Mit dem Air-Flow Hochdruckstrahlger\u00e4t<\/li>\n<li>Politur von Zahnkronen- bzw. der klinisch sichtbaren Zahnwurzeloberfl\u00e4chen mit Polierinstrumenten und -pasten<\/li>\n<li>Kontrolle, Nachreinigung und Fluoridierung<\/li>\n<li>Anleitung zur richtigen Mundhygiene<\/li>\n<\/ul>\n<p>Der Umfang einer PZR richtet sich immer nach der individuellen Situation des Patienten<\/p>\n","protected":false},"excerpt":{"rendered":"<p>Unter einer Prophylaxe (griechisch \u03c0\u03c1\u03bf\u03c6\u03cd\u03bb\u03b1\u03be\u03b9\u03c2, \u201eSchutz\u201c, \u201eVorbeugung\u201c, von altgriechisch \u03c0\u03c1\u03bf\u03c6\u03c5\u03bb\u03ac\u03c3\u03c3\u03c9, \u201esch\u00fctzen\u201c) versteht man Ma\u00dfnahmen zur Vorbeugung von Krankheiten. Auf dem Gebiet der Zahnmedizin sind dies vor allen Dingen Karies und Parodontitis (ugs.: Parodontose). Neben allgemeinen Empfehlungen zur Karies- und Parodontitisprophylaxe gibt der Zahnarzt oder eine speziell ausgebildete Helferin (Prophylaxehelferin) Rat zur richtigen Zahnputztechnik und nimmt &hellip; <\/p>\n<p class=\"link-more\"><a href=\"https:\/\/zahnarztpraxis-steinbach.de\/?page_id=143\" class=\"more-link\"><span class=\"screen-reader-text\">\u201eProphylaxe\u201c<\/span> weiterlesen<\/a><\/p>\n","protected":false},"author":1,"featured_media":0,"parent":102,"menu_order":0,"comment_status":"closed","ping_status":"closed","template":"","meta":[],"_links":{"self":[{"href":"https:\/\/zahnarztpraxis-steinbach.de\/index.php?rest_route=\/wp\/v2\/pages\/143"}],"collection":[{"href":"https:\/\/zahnarztpraxis-steinbach.de\/index.php?rest_route=\/wp\/v2\/pages"}],"about":[{"href":"https:\/\/zahnarztpraxis-steinbach.de\/index.php?rest_route=\/wp\/v2\/types\/page"}],"author":[{"embeddable":true,"href":"https:\/\/zahnarztpraxis-steinbach.de\/index.php?rest_route=\/wp\/v2\/users\/1"}],"replies":[{"embeddable":true,"href":"https:\/\/zahnarztpraxis-steinbach.de\/index.php?rest_route=%2Fwp%2Fv2%2Fcomments&post=143"}],"version-history":[{"count":4,"href":"https:\/\/zahnarztpraxis-steinbach.de\/index.php?rest_route=\/wp\/v2\/pages\/143\/revisions"}],"predecessor-version":[{"id":416,"href":"https:\/\/zahnarztpraxis-steinbach.de\/index.php?rest_route=\/wp\/v2\/pages\/143\/revisions\/416"}],"up":[{"embeddable":true,"href":"https:\/\/zahnarztpraxis-steinbach.de\/index.php?rest_route=\/wp\/v2\/pages\/102"}],"wp:attachment":[{"href":"https:\/\/zahnarztpraxis-steinbach.de\/index.php?rest_route=%2Fwp%2Fv2%2Fmedia&parent=143"}],"curies":[{"name":"wp","href":"https:\/\/api.w.org\/{rel}","templated":true}]}}