{"id":124,"date":"2018-07-19T14:10:09","date_gmt":"2018-07-19T12:10:09","guid":{"rendered":"http:\/\/web907.sarah.webhoster.ag\/wordpress\/?page_id=124"},"modified":"2018-08-03T15:57:08","modified_gmt":"2018-08-03T13:57:08","slug":"impressum","status":"publish","type":"page","link":"https:\/\/zahnarztpraxis-steinbach.de\/?page_id=124","title":{"rendered":"Impressum"},"content":{"rendered":"<p>&nbsp;<\/p>\n<h1>N.-K.Steinbach Praxis f\u00fcr Zahnheilkunde<\/h1>\n<h1><\/h1>\n<h3>F\u00fcr den Inhalt dieser Website ist verantwortlich:<\/h3>\n<p>&nbsp;<\/p>\n<p>Nicky-Karl Steinbach<br \/>\nPraxis f\u00fcr Zahnheilkunde<br \/>\nR\u00f6merstrasse 10<br \/>\n64653 Lorsch<\/p>\n<p>&nbsp;<\/p>\n<p>Telefon: +49 (0) 6251 &#8211; 85 6 110<br \/>\nE-Mail: <a href=\"info@zahnarztpraxis-steinbach.de\">info(at)zahnarztpraxis-steinbach.de<\/a><\/p>\n<p>&nbsp;<\/p>\n<p><strong>Kammerzugeh\u00f6rigkeit:<\/strong><br \/>\nLandeszahn\u00e4rztekammer Hessen, Rhonestra\u00dfe 4, 60528 Frankfurt am Main<br \/>\nInternet: <a href=\"http:\/\/www.lzkh.de\">www.lzkh.de<\/a><\/p>\n<p>&nbsp;<\/p>\n<p>Die gesetzliche Berufsbezeichnung \u201eZahnarzt\u201c wurde in Deutschland verliehen.<\/p>\n<p>&nbsp;<\/p>\n<p>Aufsichtsbeh\u00f6rde: Kassenzahn\u00e4rztliche Vereinigung Hessen, Lyonerstr. 21, 60528 Frankfurt am Main<br \/>\nInternet: <a href=\"http:\/\/www.kzvh.de\">www.kzvh.de<\/a><\/p>\n<p>&nbsp;<\/p>\n<p>Berufsrechtliche Regelungen:<br \/>\nZahnheilkundegesetz<br \/>\nHeilberufe &#8211; Kammergesetz<br \/>\nGeb\u00fchrenordnung f\u00fcr Zahn\u00e4rzte<br \/>\nBerufsordnung f\u00fcr Zahn\u00e4rzte<br \/>\nDie Regelung findet sich im Gesetzblatt des Landes Hessen.<\/p>\n","protected":false},"excerpt":{"rendered":"<p>&nbsp; N.-K.Steinbach Praxis f\u00fcr Zahnheilkunde F\u00fcr den Inhalt dieser Website ist verantwortlich: &nbsp; Nicky-Karl Steinbach Praxis f\u00fcr Zahnheilkunde R\u00f6merstrasse 10 64653 Lorsch &nbsp; Telefon: +49 (0) 6251 &#8211; 85 6 110 E-Mail: info(at)zahnarztpraxis-steinbach.de &nbsp; Kammerzugeh\u00f6rigkeit: Landeszahn\u00e4rztekammer Hessen, Rhonestra\u00dfe 4, 60528 Frankfurt am Main Internet: www.lzkh.de &nbsp; Die gesetzliche Berufsbezeichnung \u201eZahnarzt\u201c wurde in Deutschland verliehen. &nbsp; &hellip; <\/p>\n<p class=\"link-more\"><a href=\"https:\/\/zahnarztpraxis-steinbach.de\/?page_id=124\" class=\"more-link\"><span class=\"screen-reader-text\">\u201eImpressum\u201c<\/span> weiterlesen<\/a><\/p>\n","protected":false},"author":1,"featured_media":0,"parent":0,"menu_order":0,"comment_status":"closed","ping_status":"closed","template":"","meta":[],"_links":{"self":[{"href":"https:\/\/zahnarztpraxis-steinbach.de\/index.php?rest_route=\/wp\/v2\/pages\/124"}],"collection":[{"href":"https:\/\/zahnarztpraxis-steinbach.de\/index.php?rest_route=\/wp\/v2\/pages"}],"about":[{"href":"https:\/\/zahnarztpraxis-steinbach.de\/index.php?rest_route=\/wp\/v2\/types\/page"}],"author":[{"embeddable":true,"href":"https:\/\/zahnarztpraxis-steinbach.de\/index.php?rest_route=\/wp\/v2\/users\/1"}],"replies":[{"embeddable":true,"href":"https:\/\/zahnarztpraxis-steinbach.de\/index.php?rest_route=%2Fwp%2Fv2%2Fcomments&post=124"}],"version-history":[{"count":3,"href":"https:\/\/zahnarztpraxis-steinbach.de\/index.php?rest_route=\/wp\/v2\/pages\/124\/revisions"}],"predecessor-version":[{"id":270,"href":"https:\/\/zahnarztpraxis-steinbach.de\/index.php?rest_route=\/wp\/v2\/pages\/124\/revisions\/270"}],"wp:attachment":[{"href":"https:\/\/zahnarztpraxis-steinbach.de\/index.php?rest_route=%2Fwp%2Fv2%2Fmedia&parent=124"}],"curies":[{"name":"wp","href":"https:\/\/api.w.org\/{rel}","templated":true}]}}